{"id":2288,"date":"2015-04-01T09:01:23","date_gmt":"2015-04-01T09:01:23","guid":{"rendered":"http:\/\/remould-data.thememountdemo.com\/?page_id=2288"},"modified":"2020-07-21T20:23:58","modified_gmt":"2020-07-21T20:23:58","slug":"ayrinti-raydolap-tasarimlari-istanbul-raydolap-modelleri","status":"publish","type":"page","link":"https:\/\/ayrintiraydolap.com\/en\/","title":{"rendered":"Home"},"content":{"rendered":"<p>[vc_row bgtype=&#8221;grey&#8221; fullwidth=&#8221;true&#8221; css=&#8221;.vc_custom_1502047100832{padding-bottom: 0px !important;background-color: #ffffff !important;}&#8221;][vc_column][rev_slider_vc alias=&#8221;homepage_slider&#8221;][vc_text_separator title=&#8221;STORE&#8221; i_icon_fontawesome=&#8221;fa fa-shopping-bag&#8221; i_color=&#8221;pink&#8221; color=&#8221;pink&#8221; border_width=&#8221;2&#8243; add_icon=&#8221;true&#8221;][\/vc_column][vc_column width=&#8221;1\/3&#8243;][vc_column_text]<\/p>\n<h5 style=\"text-align: center;\"><strong>Bursa<\/strong><\/h5>\n<p style=\"text-align: center;\"><strong>A:<\/strong> Y\u0131ld\u0131r\u0131m St. Origami Plaza No: 1 Be\u015fevler<\/p>\n<p style=\"text-align: center;\"><strong>Nil\u00fcfer \/ BURSA &#8211; TURKEY<\/strong><\/p>\n<p style=\"text-align: center;\"><strong>T:<\/strong>\u00a0+90 224 451 60 50<\/p>\n<hr \/>\n<p>[\/vc_column_text][vc_gmaps link=&#8221;#E-8_JTNDaWZyYW1lJTIwc3JjJTNEJTIyaHR0cHMlM0ElMkYlMkZ3d3cuZ29vZ2xlLmNvbSUyRm1hcHMlMkZlbWJlZCUzRnBiJTNEJTIxMW0xOCUyMTFtMTIlMjExbTMlMjExZDMwNDcuMDk1NzczMzQ4NjMxNiUyMTJkMjguOTg5NzI3MDE1MDM5NDU2JTIxM2Q0MC4yMDY5MzI0NzkzOTAwMzQlMjEybTMlMjExZjAlMjEyZjAlMjEzZjAlMjEzbTIlMjExaTEwMjQlMjEyaTc2OCUyMTRmMTMuMSUyMTNtMyUyMTFtMiUyMTFzMHgxNGNhMTQyOWRlYmNiNzYzJTI1M0EweDYxOTgzM2Y2MjM4Y2VkODYlMjEyc0F5ciUyNUM0JTI1QjFudCUyNUM0JTI1QjElMkJSYXlkb2xhcCUyQkJ1cnNhJTIxNWUwJTIxM20yJTIxMXN0ciUyMTJzdHIlMjE0djE1MDIzNTY5NzMzNDAlMjIlMjB3aWR0aCUzRCUyMjMwMCUyMiUyMGhlaWdodCUzRCUyMjE1MCUyMiUyMGZyYW1lYm9yZGVyJTNEJTIyMCUyMiUyMHN0eWxlJTNEJTIyYm9yZGVyJTNBMCUyMiUyMGFsbG93ZnVsbHNjcmVlbiUzRSUzQyUyRmlmcmFtZSUzRQ==&#8221;][\/vc_column][vc_column width=&#8221;1\/3&#8243;][vc_column_text]<\/p>\n<h5 style=\"text-align: center;\"><strong>Brend Cross Branch<\/strong><\/h5>\n<p style=\"text-align: center;\"><strong>A:\u00a0<\/strong>Edmonton Shopping Centre London N9 OTY<br \/>\n<strong>\u0130ngiltere Londra<\/strong><\/p>\n<p style=\"text-align: center;\"><strong>T:\u00a0<\/strong>+44 20 8807 0284<\/p>\n<hr \/>\n<p>[\/vc_column_text][vc_gmaps link=&#8221;#E-8_JTNDaWZyYW1lJTIwc3JjJTNEJTIyaHR0cHMlM0ElMkYlMkZ3d3cuZ29vZ2xlLmNvbSUyRm1hcHMlMkZlbWJlZCUzRnBiJTNEJTIxMW0xOCUyMTFtMTIlMjExbTMlMjExZDI0NzkuODE0Mzg0NDM4Njc3MyUyMTJkLTAuMjI2ODA5Mjg0MTcwMDU2NDclMjEzZDUxLjU3MTYzNjE3OTY0NTglMjEybTMlMjExZjAlMjEyZjAlMjEzZjAlMjEzbTIlMjExaTEwMjQlMjEyaTc2OCUyMTRmMTMuMSUyMTNtMyUyMTFtMiUyMTFzMHg0ODc2MTBlNWVkY2VkNWViJTI1M0EweGZhZmI4NTdiNDk4Y2JiZGUlMjEyc0JyZW50JTJCQ3Jvc3MlMkJTaG9wcGluZyUyQlBhcmslMjUyQyUyQlRpbGxpbmclMkJSZCUyNTJDJTJCTG9uZG9uJTJCTlcyJTJCMUxTJTI1MkMlMkIlMjVDNCUyNUIwbmdpbHRlcmUlMjE1ZTAlMjEzbTIlMjExc3RyJTIxMnN0ciUyMTR2MTUxMjU5MzYzNzcwOSUyMiUyMHdpZHRoJTNEJTIyMzAwJTIyJTIwaGVpZ2h0JTNEJTIyMTUwJTIyJTIwZnJhbWVib3JkZXIlM0QlMjIwJTIyJTIwc3R5bGUlM0QlMjJib3JkZXIlM0EwJTIyJTIwYWxsb3dmdWxsc2NyZWVuJTNFJTNDJTJGaWZyYW1lJTNF&#8221;][\/vc_column][vc_column width=&#8221;1\/3&#8243;][\/vc_column][vc_column][vc_separator color=&#8221;pink&#8221;][\/vc_column][\/vc_row][vc_row bgtype=&#8221;grey&#8221; fullwidth=&#8221;true&#8221; css=&#8221;.vc_custom_1502059680093{padding-bottom: 0px !important;background-color: #ffffff !important;}&#8221;][vc_column width=&#8221;1\/2&#8243;][vc_single_image image=&#8221;5987&#8243; img_size=&#8221;full&#8221; alignment=&#8221;center&#8221; onclick=&#8221;custom_link&#8221; link=&#8221;http:\/\/www.ayrintiraydolap.com&#8221;][\/vc_column][vc_column width=&#8221;1\/2&#8243;][vc_single_image image=&#8221;6300&#8243; img_size=&#8221;full&#8221; alignment=&#8221;center&#8221; onclick=&#8221;custom_link&#8221; link=&#8221;http:\/\/www.ayrintiraydolap.com&#8221;][\/vc_column][vc_column]<div class=\"row multi-columns-row thememount-portfolio-boxes-wrapper thememount-portfolio-view-default thememount-effect-default thememount-items-col-four  \" id=\"thememount-portfolio-id-46656753\"  ><div class=\"thememount-portfolio-text col-xs-12 col-sm-12 col-md-12 col-lg-12\"><\/div><div class=\"thememount-portfolio-boxes col-xs-12 col-sm-12 col-md-12 col-lg-12\"><nav class=\"portfolio-sortable-list container\"><ul><li><a class=\"selected\" href=\"#\" data-filter=\"*\">T\u00fcm\u00fc<\/a><\/li><li><a class=\"\" href=\"#\" data-filter=\".calisma-odaslari\">OFFICE<\/a><\/li><li><a class=\"\" href=\"#\" data-filter=\".genc-odasi\">YOUNG ROOM<\/a><\/li><li><a class=\"\" href=\"#\" data-filter=\".giyinme-odasi\">Dressing Room<\/a><\/li><li><a class=\"\" href=\"#\" data-filter=\".karma\">MIXED<\/a><\/li><li><a class=\"\" href=\"#\" data-filter=\".kose-bucak\">In Every Corner<\/a><\/li><li><a class=\"\" href=\"#\" data-filter=\".portmanto-vestiyer\">Coat Stand<\/a><\/li><li><a class=\"\" href=\"#\" data-filter=\".yatak-odalari\">Bedroom Suite<\/a><\/li><\/ul><\/nav><div class=\"thememount-items-wrapper row multi-columns-row  thememount-portfolio-boxes-inner portfolio-wrapper row\">\n\t\t<div class=\"portfolio-box tm-box col-lg-3 col-sm-6 col-md-3 col-xs-12 yatak-odalari thememount-box\">\n\t\t\t<div class=\"item\">\n\t\t\t\t<div class=\"item-thumbnail\">\n\t\t\t\t\t<img width=\"524\" height=\"349\" src=\"https:\/\/ayrintiraydolap.com\/wp-content\/uploads\/2017\/10\/12a-524x349.png\" class=\"attachment-portfolio-four-column size-portfolio-four-column wp-post-image\" alt=\"\" decoding=\"async\" loading=\"lazy\" srcset=\"https:\/\/ayrintiraydolap.com\/wp-content\/uploads\/2017\/10\/12a-524x349.png 524w, https:\/\/ayrintiraydolap.com\/wp-content\/uploads\/2017\/10\/12a-300x200.png 300w, https:\/\/ayrintiraydolap.com\/wp-content\/uploads\/2017\/10\/12a-768x512.png 768w, https:\/\/ayrintiraydolap.com\/wp-content\/uploads\/2017\/10\/12a-1024x683.png 1024w, https:\/\/ayrintiraydolap.com\/wp-content\/uploads\/2017\/10\/12a-855x570.png 855w, https:\/\/ayrintiraydolap.com\/wp-content\/uploads\/2017\/10\/12a-740x493.png 740w, https:\/\/ayrintiraydolap.com\/wp-content\/uploads\/2017\/10\/12a.png 1200w\" sizes=\"(max-width: 524px) 100vw, 524px\" data-id=\"6136\" \/>\n\t\t\t\t\t<div class=\"overthumb\"><\/div>\n\t\t\t\t\t<div class=\"icons\">\n\t\t\t\t\t\t<!-- Like -->\n\t\t\t\t<div class=\"thememount-portfolio-likes-wrapper\">\n\t\t\t\t\t<a class=\"thememount-portfolio-likes \" href=\"#\" id=\"pid-6132\">\n\t\t\t\t\t\t<i class=\"fa fa-heart-o\"><\/i>&nbsp;2\n\t\t\t\t\t<\/a>\n\t\t\t\t<\/div>\n\t\t\t\t\t\t<a href=\"https:\/\/ayrintiraydolap.com\/wp-content\/uploads\/2017\/10\/12a.png\" class=\"thememount_pf_featured tm_prettyphoto\" title=\"YK 015\" data-rel=\"prettyPhoto\"><i class=\"fa fa-picture-o\"><\/i><\/a>\n\t\t\t\t\t\t<a href=\"https:\/\/ayrintiraydolap.com\/en\/portfolio\/yk-015\/\" class=\"thememount_pf_link\"><i class=\"fa fa-link\"><\/i><\/a>\n\t\t\t\t\t<\/div>\n\t\t\t\t<\/div>\n\t\t\t\t<div class=\"item-content\">\n\t\t\t\t\t\n\t\t\t\t\t<h4><a href=\"https:\/\/ayrintiraydolap.com\/en\/portfolio\/yk-015\/\">YK 015<\/a><\/h4>\n\t\t\t\t\t<p>Bedroom Suite<\/p>\n\t\t\t\t<\/div>\n\t\t\t<\/div>\n\t\t\t\n\t\t<\/div>\n\t\n\t\t<div class=\"portfolio-box tm-box col-lg-3 col-sm-6 col-md-3 col-xs-12 giyinme-odasi yatak-odalari thememount-box\">\n\t\t\t<div class=\"item\">\n\t\t\t\t<div class=\"item-thumbnail\">\n\t\t\t\t\t<img width=\"524\" height=\"349\" src=\"https:\/\/ayrintiraydolap.com\/wp-content\/uploads\/2017\/10\/12c-524x349.png\" class=\"attachment-portfolio-four-column size-portfolio-four-column wp-post-image\" alt=\"\" decoding=\"async\" loading=\"lazy\" srcset=\"https:\/\/ayrintiraydolap.com\/wp-content\/uploads\/2017\/10\/12c-524x349.png 524w, https:\/\/ayrintiraydolap.com\/wp-content\/uploads\/2017\/10\/12c-300x200.png 300w, https:\/\/ayrintiraydolap.com\/wp-content\/uploads\/2017\/10\/12c-768x512.png 768w, https:\/\/ayrintiraydolap.com\/wp-content\/uploads\/2017\/10\/12c-1024x683.png 1024w, https:\/\/ayrintiraydolap.com\/wp-content\/uploads\/2017\/10\/12c-855x570.png 855w, https:\/\/ayrintiraydolap.com\/wp-content\/uploads\/2017\/10\/12c-740x493.png 740w, https:\/\/ayrintiraydolap.com\/wp-content\/uploads\/2017\/10\/12c.png 1200w\" sizes=\"(max-width: 524px) 100vw, 524px\" data-id=\"6138\" \/>\n\t\t\t\t\t<div class=\"overthumb\"><\/div>\n\t\t\t\t\t<div class=\"icons\">\n\t\t\t\t\t\t<!-- Like -->\n\t\t\t\t<div class=\"thememount-portfolio-likes-wrapper\">\n\t\t\t\t\t<a class=\"thememount-portfolio-likes \" href=\"#\" id=\"pid-6131\">\n\t\t\t\t\t\t<i class=\"fa fa-heart-o\"><\/i>&nbsp;1\n\t\t\t\t\t<\/a>\n\t\t\t\t<\/div>\n\t\t\t\t\t\t<a href=\"https:\/\/ayrintiraydolap.com\/wp-content\/uploads\/2017\/10\/12c.png\" class=\"thememount_pf_featured tm_prettyphoto\" title=\"YK 014\" data-rel=\"prettyPhoto\"><i class=\"fa fa-picture-o\"><\/i><\/a>\n\t\t\t\t\t\t<a href=\"https:\/\/ayrintiraydolap.com\/en\/portfolio\/yk-014\/\" class=\"thememount_pf_link\"><i class=\"fa fa-link\"><\/i><\/a>\n\t\t\t\t\t<\/div>\n\t\t\t\t<\/div>\n\t\t\t\t<div class=\"item-content\">\n\t\t\t\t\t\n\t\t\t\t\t<h4><a href=\"https:\/\/ayrintiraydolap.com\/en\/portfolio\/yk-014\/\">YK 014<\/a><\/h4>\n\t\t\t\t\t<p>Dressing Room, Bedroom Suite<\/p>\n\t\t\t\t<\/div>\n\t\t\t<\/div>\n\t\t\t\n\t\t<\/div>\n\t\n\t\t<div class=\"portfolio-box tm-box col-lg-3 col-sm-6 col-md-3 col-xs-12 calisma-odaslari thememount-box\">\n\t\t\t<div class=\"item\">\n\t\t\t\t<div class=\"item-thumbnail\">\n\t\t\t\t\t<img width=\"524\" height=\"349\" src=\"https:\/\/ayrintiraydolap.com\/wp-content\/uploads\/2017\/10\/12b-524x349.png\" class=\"attachment-portfolio-four-column size-portfolio-four-column wp-post-image\" alt=\"\" decoding=\"async\" loading=\"lazy\" srcset=\"https:\/\/ayrintiraydolap.com\/wp-content\/uploads\/2017\/10\/12b-524x349.png 524w, https:\/\/ayrintiraydolap.com\/wp-content\/uploads\/2017\/10\/12b-300x200.png 300w, https:\/\/ayrintiraydolap.com\/wp-content\/uploads\/2017\/10\/12b-768x512.png 768w, https:\/\/ayrintiraydolap.com\/wp-content\/uploads\/2017\/10\/12b-1024x683.png 1024w, https:\/\/ayrintiraydolap.com\/wp-content\/uploads\/2017\/10\/12b-855x570.png 855w, https:\/\/ayrintiraydolap.com\/wp-content\/uploads\/2017\/10\/12b-740x493.png 740w, https:\/\/ayrintiraydolap.com\/wp-content\/uploads\/2017\/10\/12b.png 1200w\" sizes=\"(max-width: 524px) 100vw, 524px\" data-id=\"6137\" \/>\n\t\t\t\t\t<div class=\"overthumb\"><\/div>\n\t\t\t\t\t<div class=\"icons\">\n\t\t\t\t\t\t<!-- Like -->\n\t\t\t\t<div class=\"thememount-portfolio-likes-wrapper\">\n\t\t\t\t\t<a class=\"thememount-portfolio-likes \" href=\"#\" id=\"pid-6130\">\n\t\t\t\t\t\t<i class=\"fa fa-heart-o\"><\/i>&nbsp;0\n\t\t\t\t\t<\/a>\n\t\t\t\t<\/div>\n\t\t\t\t\t\t<a href=\"https:\/\/ayrintiraydolap.com\/wp-content\/uploads\/2017\/10\/12b.png\" class=\"thememount_pf_featured tm_prettyphoto\" title=\"CM 005\" data-rel=\"prettyPhoto\"><i class=\"fa fa-picture-o\"><\/i><\/a>\n\t\t\t\t\t\t<a href=\"https:\/\/ayrintiraydolap.com\/en\/portfolio\/cm-004\/\" class=\"thememount_pf_link\"><i class=\"fa fa-link\"><\/i><\/a>\n\t\t\t\t\t<\/div>\n\t\t\t\t<\/div>\n\t\t\t\t<div class=\"item-content\">\n\t\t\t\t\t\n\t\t\t\t\t<h4><a href=\"https:\/\/ayrintiraydolap.com\/en\/portfolio\/cm-004\/\">CM 005<\/a><\/h4>\n\t\t\t\t\t<p>OFFICE<\/p>\n\t\t\t\t<\/div>\n\t\t\t<\/div>\n\t\t\t\n\t\t<\/div>\n\t\n\t\t<div class=\"portfolio-box tm-box col-lg-3 col-sm-6 col-md-3 col-xs-12 yatak-odalari thememount-box\">\n\t\t\t<div class=\"item\">\n\t\t\t\t<div class=\"item-thumbnail\">\n\t\t\t\t\t<img width=\"524\" height=\"349\" src=\"https:\/\/ayrintiraydolap.com\/wp-content\/uploads\/2017\/10\/12d-524x349.png\" class=\"attachment-portfolio-four-column size-portfolio-four-column wp-post-image\" alt=\"\" decoding=\"async\" loading=\"lazy\" srcset=\"https:\/\/ayrintiraydolap.com\/wp-content\/uploads\/2017\/10\/12d-524x349.png 524w, https:\/\/ayrintiraydolap.com\/wp-content\/uploads\/2017\/10\/12d-300x200.png 300w, https:\/\/ayrintiraydolap.com\/wp-content\/uploads\/2017\/10\/12d-768x512.png 768w, https:\/\/ayrintiraydolap.com\/wp-content\/uploads\/2017\/10\/12d-1024x683.png 1024w, https:\/\/ayrintiraydolap.com\/wp-content\/uploads\/2017\/10\/12d-855x570.png 855w, https:\/\/ayrintiraydolap.com\/wp-content\/uploads\/2017\/10\/12d-740x493.png 740w, https:\/\/ayrintiraydolap.com\/wp-content\/uploads\/2017\/10\/12d.png 1200w\" sizes=\"(max-width: 524px) 100vw, 524px\" data-id=\"6139\" \/>\n\t\t\t\t\t<div class=\"overthumb\"><\/div>\n\t\t\t\t\t<div class=\"icons\">\n\t\t\t\t\t\t<!-- Like -->\n\t\t\t\t<div class=\"thememount-portfolio-likes-wrapper\">\n\t\t\t\t\t<a class=\"thememount-portfolio-likes \" href=\"#\" id=\"pid-6129\">\n\t\t\t\t\t\t<i class=\"fa fa-heart-o\"><\/i>&nbsp;0\n\t\t\t\t\t<\/a>\n\t\t\t\t<\/div>\n\t\t\t\t\t\t<a href=\"https:\/\/ayrintiraydolap.com\/wp-content\/uploads\/2017\/10\/12d.png\" class=\"thememount_pf_featured tm_prettyphoto\" title=\"YK 013\" data-rel=\"prettyPhoto\"><i class=\"fa fa-picture-o\"><\/i><\/a>\n\t\t\t\t\t\t<a href=\"https:\/\/ayrintiraydolap.com\/en\/portfolio\/yk-013\/\" class=\"thememount_pf_link\"><i class=\"fa fa-link\"><\/i><\/a>\n\t\t\t\t\t<\/div>\n\t\t\t\t<\/div>\n\t\t\t\t<div class=\"item-content\">\n\t\t\t\t\t\n\t\t\t\t\t<h4><a href=\"https:\/\/ayrintiraydolap.com\/en\/portfolio\/yk-013\/\">YK 013<\/a><\/h4>\n\t\t\t\t\t<p>Bedroom Suite<\/p>\n\t\t\t\t<\/div>\n\t\t\t<\/div>\n\t\t\t\n\t\t<\/div>\n\t\n\t\t<div class=\"portfolio-box tm-box col-lg-3 col-sm-6 col-md-3 col-xs-12 yatak-odalari thememount-box\">\n\t\t\t<div class=\"item\">\n\t\t\t\t<div class=\"item-thumbnail\">\n\t\t\t\t\t<img width=\"524\" height=\"349\" src=\"https:\/\/ayrintiraydolap.com\/wp-content\/uploads\/2017\/10\/12h-524x349.png\" class=\"attachment-portfolio-four-column size-portfolio-four-column wp-post-image\" alt=\"\" decoding=\"async\" loading=\"lazy\" srcset=\"https:\/\/ayrintiraydolap.com\/wp-content\/uploads\/2017\/10\/12h-524x349.png 524w, https:\/\/ayrintiraydolap.com\/wp-content\/uploads\/2017\/10\/12h-300x200.png 300w, https:\/\/ayrintiraydolap.com\/wp-content\/uploads\/2017\/10\/12h-768x512.png 768w, https:\/\/ayrintiraydolap.com\/wp-content\/uploads\/2017\/10\/12h-1024x683.png 1024w, https:\/\/ayrintiraydolap.com\/wp-content\/uploads\/2017\/10\/12h-855x570.png 855w, https:\/\/ayrintiraydolap.com\/wp-content\/uploads\/2017\/10\/12h-740x493.png 740w, https:\/\/ayrintiraydolap.com\/wp-content\/uploads\/2017\/10\/12h.png 1200w\" sizes=\"(max-width: 524px) 100vw, 524px\" data-id=\"6143\" \/>\n\t\t\t\t\t<div class=\"overthumb\"><\/div>\n\t\t\t\t\t<div class=\"icons\">\n\t\t\t\t\t\t<!-- Like -->\n\t\t\t\t<div class=\"thememount-portfolio-likes-wrapper\">\n\t\t\t\t\t<a class=\"thememount-portfolio-likes \" href=\"#\" id=\"pid-6128\">\n\t\t\t\t\t\t<i class=\"fa fa-heart-o\"><\/i>&nbsp;0\n\t\t\t\t\t<\/a>\n\t\t\t\t<\/div>\n\t\t\t\t\t\t<a href=\"https:\/\/ayrintiraydolap.com\/wp-content\/uploads\/2017\/10\/12h.png\" class=\"thememount_pf_featured tm_prettyphoto\" title=\"YK 012\" data-rel=\"prettyPhoto\"><i class=\"fa fa-picture-o\"><\/i><\/a>\n\t\t\t\t\t\t<a href=\"https:\/\/ayrintiraydolap.com\/en\/portfolio\/6128\/\" class=\"thememount_pf_link\"><i class=\"fa fa-link\"><\/i><\/a>\n\t\t\t\t\t<\/div>\n\t\t\t\t<\/div>\n\t\t\t\t<div class=\"item-content\">\n\t\t\t\t\t\n\t\t\t\t\t<h4><a href=\"https:\/\/ayrintiraydolap.com\/en\/portfolio\/6128\/\">YK 012<\/a><\/h4>\n\t\t\t\t\t<p>Bedroom Suite<\/p>\n\t\t\t\t<\/div>\n\t\t\t<\/div>\n\t\t\t\n\t\t<\/div>\n\t\n\t\t<div class=\"portfolio-box tm-box col-lg-3 col-sm-6 col-md-3 col-xs-12 calisma-odaslari thememount-box\">\n\t\t\t<div class=\"item\">\n\t\t\t\t<div class=\"item-thumbnail\">\n\t\t\t\t\t<img width=\"524\" height=\"349\" src=\"https:\/\/ayrintiraydolap.com\/wp-content\/uploads\/2017\/09\/calisma-masasi-524x349.png\" class=\"attachment-portfolio-four-column size-portfolio-four-column wp-post-image\" alt=\"\" decoding=\"async\" loading=\"lazy\" srcset=\"https:\/\/ayrintiraydolap.com\/wp-content\/uploads\/2017\/09\/calisma-masasi-524x349.png 524w, https:\/\/ayrintiraydolap.com\/wp-content\/uploads\/2017\/09\/calisma-masasi-300x200.png 300w, https:\/\/ayrintiraydolap.com\/wp-content\/uploads\/2017\/09\/calisma-masasi-768x512.png 768w, https:\/\/ayrintiraydolap.com\/wp-content\/uploads\/2017\/09\/calisma-masasi-1024x683.png 1024w, https:\/\/ayrintiraydolap.com\/wp-content\/uploads\/2017\/09\/calisma-masasi-855x570.png 855w, https:\/\/ayrintiraydolap.com\/wp-content\/uploads\/2017\/09\/calisma-masasi-740x493.png 740w, https:\/\/ayrintiraydolap.com\/wp-content\/uploads\/2017\/09\/calisma-masasi.png 1200w\" sizes=\"(max-width: 524px) 100vw, 524px\" data-id=\"6093\" \/>\n\t\t\t\t\t<div class=\"overthumb\"><\/div>\n\t\t\t\t\t<div class=\"icons\">\n\t\t\t\t\t\t<!-- Like -->\n\t\t\t\t<div class=\"thememount-portfolio-likes-wrapper\">\n\t\t\t\t\t<a class=\"thememount-portfolio-likes \" href=\"#\" id=\"pid-6092\">\n\t\t\t\t\t\t<i class=\"fa fa-heart-o\"><\/i>&nbsp;0\n\t\t\t\t\t<\/a>\n\t\t\t\t<\/div>\n\t\t\t\t\t\t<a href=\"https:\/\/ayrintiraydolap.com\/wp-content\/uploads\/2017\/09\/calisma-masasi.png\" class=\"thememount_pf_featured tm_prettyphoto\" title=\"CM 003\" data-rel=\"prettyPhoto\"><i class=\"fa fa-picture-o\"><\/i><\/a>\n\t\t\t\t\t\t<a href=\"https:\/\/ayrintiraydolap.com\/en\/portfolio\/cm-003\/\" class=\"thememount_pf_link\"><i class=\"fa fa-link\"><\/i><\/a>\n\t\t\t\t\t<\/div>\n\t\t\t\t<\/div>\n\t\t\t\t<div class=\"item-content\">\n\t\t\t\t\t\n\t\t\t\t\t<h4><a href=\"https:\/\/ayrintiraydolap.com\/en\/portfolio\/cm-003\/\">CM 003<\/a><\/h4>\n\t\t\t\t\t<p>OFFICE<\/p>\n\t\t\t\t<\/div>\n\t\t\t<\/div>\n\t\t\t\n\t\t<\/div>\n\t\n\t\t<div class=\"portfolio-box tm-box col-lg-3 col-sm-6 col-md-3 col-xs-12 calisma-odaslari thememount-box\">\n\t\t\t<div class=\"item\">\n\t\t\t\t<div class=\"item-thumbnail\">\n\t\t\t\t\t<img width=\"524\" height=\"349\" src=\"https:\/\/ayrintiraydolap.com\/wp-content\/uploads\/2017\/09\/cagres-524x349.png\" class=\"attachment-portfolio-four-column size-portfolio-four-column wp-post-image\" alt=\"\" decoding=\"async\" loading=\"lazy\" srcset=\"https:\/\/ayrintiraydolap.com\/wp-content\/uploads\/2017\/09\/cagres-524x349.png 524w, https:\/\/ayrintiraydolap.com\/wp-content\/uploads\/2017\/09\/cagres-300x200.png 300w, https:\/\/ayrintiraydolap.com\/wp-content\/uploads\/2017\/09\/cagres-768x512.png 768w, https:\/\/ayrintiraydolap.com\/wp-content\/uploads\/2017\/09\/cagres-1024x683.png 1024w, https:\/\/ayrintiraydolap.com\/wp-content\/uploads\/2017\/09\/cagres-855x570.png 855w, https:\/\/ayrintiraydolap.com\/wp-content\/uploads\/2017\/09\/cagres-740x493.png 740w, https:\/\/ayrintiraydolap.com\/wp-content\/uploads\/2017\/09\/cagres.png 1200w\" sizes=\"(max-width: 524px) 100vw, 524px\" data-id=\"6091\" \/>\n\t\t\t\t\t<div class=\"overthumb\"><\/div>\n\t\t\t\t\t<div class=\"icons\">\n\t\t\t\t\t\t<!-- Like -->\n\t\t\t\t<div class=\"thememount-portfolio-likes-wrapper\">\n\t\t\t\t\t<a class=\"thememount-portfolio-likes \" href=\"#\" id=\"pid-6090\">\n\t\t\t\t\t\t<i class=\"fa fa-heart-o\"><\/i>&nbsp;0\n\t\t\t\t\t<\/a>\n\t\t\t\t<\/div>\n\t\t\t\t\t\t<a href=\"https:\/\/ayrintiraydolap.com\/wp-content\/uploads\/2017\/09\/cagres.png\" class=\"thememount_pf_featured tm_prettyphoto\" title=\"CM002\" data-rel=\"prettyPhoto\"><i class=\"fa fa-picture-o\"><\/i><\/a>\n\t\t\t\t\t\t<a href=\"https:\/\/ayrintiraydolap.com\/en\/portfolio\/cm002\/\" class=\"thememount_pf_link\"><i class=\"fa fa-link\"><\/i><\/a>\n\t\t\t\t\t<\/div>\n\t\t\t\t<\/div>\n\t\t\t\t<div class=\"item-content\">\n\t\t\t\t\t\n\t\t\t\t\t<h4><a href=\"https:\/\/ayrintiraydolap.com\/en\/portfolio\/cm002\/\">CM002<\/a><\/h4>\n\t\t\t\t\t<p>OFFICE<\/p>\n\t\t\t\t<\/div>\n\t\t\t<\/div>\n\t\t\t\n\t\t<\/div>\n\t\n\t\t<div class=\"portfolio-box tm-box col-lg-3 col-sm-6 col-md-3 col-xs-12 karma thememount-box\">\n\t\t\t<div class=\"item\">\n\t\t\t\t<div class=\"item-thumbnail\">\n\t\t\t\t\t<img width=\"524\" height=\"349\" src=\"https:\/\/ayrintiraydolap.com\/wp-content\/uploads\/2017\/08\/tv-unite-0001-524x349.png\" class=\"attachment-portfolio-four-column size-portfolio-four-column wp-post-image\" alt=\"\" decoding=\"async\" loading=\"lazy\" srcset=\"https:\/\/ayrintiraydolap.com\/wp-content\/uploads\/2017\/08\/tv-unite-0001-524x349.png 524w, https:\/\/ayrintiraydolap.com\/wp-content\/uploads\/2017\/08\/tv-unite-0001-300x200.png 300w, https:\/\/ayrintiraydolap.com\/wp-content\/uploads\/2017\/08\/tv-unite-0001-768x512.png 768w, https:\/\/ayrintiraydolap.com\/wp-content\/uploads\/2017\/08\/tv-unite-0001-1024x683.png 1024w, https:\/\/ayrintiraydolap.com\/wp-content\/uploads\/2017\/08\/tv-unite-0001-855x570.png 855w, https:\/\/ayrintiraydolap.com\/wp-content\/uploads\/2017\/08\/tv-unite-0001-740x493.png 740w, https:\/\/ayrintiraydolap.com\/wp-content\/uploads\/2017\/08\/tv-unite-0001.png 1200w\" sizes=\"(max-width: 524px) 100vw, 524px\" data-id=\"6087\" \/>\n\t\t\t\t\t<div class=\"overthumb\"><\/div>\n\t\t\t\t\t<div class=\"icons\">\n\t\t\t\t\t\t<!-- Like -->\n\t\t\t\t<div class=\"thememount-portfolio-likes-wrapper\">\n\t\t\t\t\t<a class=\"thememount-portfolio-likes \" href=\"#\" id=\"pid-6086\">\n\t\t\t\t\t\t<i class=\"fa fa-heart-o\"><\/i>&nbsp;0\n\t\t\t\t\t<\/a>\n\t\t\t\t<\/div>\n\t\t\t\t\t\t<a href=\"https:\/\/ayrintiraydolap.com\/wp-content\/uploads\/2017\/08\/tv-unite-0001.png\" class=\"thememount_pf_featured tm_prettyphoto\" title=\"KR 002\" data-rel=\"prettyPhoto\"><i class=\"fa fa-picture-o\"><\/i><\/a>\n\t\t\t\t\t\t<a href=\"https:\/\/ayrintiraydolap.com\/en\/portfolio\/kr002\/\" class=\"thememount_pf_link\"><i class=\"fa fa-link\"><\/i><\/a>\n\t\t\t\t\t<\/div>\n\t\t\t\t<\/div>\n\t\t\t\t<div class=\"item-content\">\n\t\t\t\t\t\n\t\t\t\t\t<h4><a href=\"https:\/\/ayrintiraydolap.com\/en\/portfolio\/kr002\/\">KR 002<\/a><\/h4>\n\t\t\t\t\t<p>MIXED<\/p>\n\t\t\t\t<\/div>\n\t\t\t<\/div>\n\t\t\t\n\t\t<\/div>\n\t<\/div><\/div><\/div>[\/vc_column][vc_column][vc_separator color=&#8221;juicy_pink&#8221;][vc_single_image image=&#8221;6191&#8243; img_size=&#8221;full&#8221;][vc_separator color=&#8221;juicy_pink&#8221;][\/vc_column][\/vc_row]<\/p>","protected":false},"excerpt":{"rendered":"<p>[vc_row bgtype=&#8221;grey&#8221; fullwidth=&#8221;true&#8221; css=&#8221;.vc_custom_1502047100832{padding-bottom: 0px !important;background-color: #ffffff !important;}&#8221;][vc_column][rev_slider_vc alias=&#8221;homepage_slider&#8221;][vc_text_separator title=&#8221;STORE&#8221; i_icon_fontawesome=&#8221;fa fa-shopping-bag&#8221; i_color=&#8221;pink&#8221; color=&#8221;pink&#8221; border_width=&#8221;2&#8243; add_icon=&#8221;true&#8221;][\/vc_column][vc_column width=&#8221;1\/3&#8243;][vc_column_text] Bursa A: Y\u0131ld\u0131r\u0131m St. Origami Plaza No: 1 Be\u015fevler Nil\u00fcfer \/ BURSA &#8211; TURKEY T:\u00a0+90 224 451 60 50 [\/vc_column_text][vc_gmaps link=&#8221;#E-8_JTNDaWZyYW1lJTIwc3JjJTNEJTIyaHR0cHMlM0ElMkYlMkZ3d3cuZ29vZ2xlLmNvbSUyRm1hcHMlMkZlbWJlZCUzRnBiJTNEJTIxMW0xOCUyMTFtMTIlMjExbTMlMjExZDMwNDcuMDk1NzczMzQ4NjMxNiUyMTJkMjguOTg5NzI3MDE1MDM5NDU2JTIxM2Q0MC4yMDY5MzI0NzkzOTAwMzQlMjEybTMlMjExZjAlMjEyZjAlMjEzZjAlMjEzbTIlMjExaTEwMjQlMjEyaTc2OCUyMTRmMTMuMSUyMTNtMyUyMTFtMiUyMTFzMHgxNGNhMTQyOWRlYmNiNzYzJTI1M0EweDYxOTgzM2Y2MjM4Y2VkODYlMjEyc0F5ciUyNUM0JTI1QjFudCUyNUM0JTI1QjElMkJSYXlkb2xhcCUyQkJ1cnNhJTIxNWUwJTIxM20yJTIxMXN0ciUyMTJzdHIlMjE0djE1MDIzNTY5NzMzNDAlMjIlMjB3aWR0aCUzRCUyMjMwMCUyMiUyMGhlaWdodCUzRCUyMjE1MCUyMiUyMGZyYW1lYm9yZGVyJTNEJTIyMCUyMiUyMHN0eWxlJTNEJTIyYm9yZGVyJTNBMCUyMiUyMGFsbG93ZnVsbHNjcmVlbiUzRSUzQyUyRmlmcmFtZSUzRQ==&#8221;][\/vc_column][vc_column width=&#8221;1\/3&#8243;][vc_column_text] Brend Cross Branch A:\u00a0Edmonton Shopping Centre London N9 OTY \u0130ngiltere Londra T:\u00a0+44 20 8807 0284 [\/vc_column_text][vc_gmaps [&hellip;]<\/p>\n","protected":false},"author":1,"featured_media":0,"parent":0,"menu_order":4,"comment_status":"closed","ping_status":"closed","template":"","meta":[],"_links":{"self":[{"href":"https:\/\/ayrintiraydolap.com\/en\/wp-json\/wp\/v2\/pages\/2288"}],"collection":[{"href":"https:\/\/ayrintiraydolap.com\/en\/wp-json\/wp\/v2\/pages"}],"about":[{"href":"https:\/\/ayrintiraydolap.com\/en\/wp-json\/wp\/v2\/types\/page"}],"author":[{"embeddable":true,"href":"https:\/\/ayrintiraydolap.com\/en\/wp-json\/wp\/v2\/users\/1"}],"replies":[{"embeddable":true,"href":"https:\/\/ayrintiraydolap.com\/en\/wp-json\/wp\/v2\/comments?post=2288"}],"version-history":[{"count":166,"href":"https:\/\/ayrintiraydolap.com\/en\/wp-json\/wp\/v2\/pages\/2288\/revisions"}],"predecessor-version":[{"id":6437,"href":"https:\/\/ayrintiraydolap.com\/en\/wp-json\/wp\/v2\/pages\/2288\/revisions\/6437"}],"wp:attachment":[{"href":"https:\/\/ayrintiraydolap.com\/en\/wp-json\/wp\/v2\/media?parent=2288"}],"curies":[{"name":"wp","href":"https:\/\/api.w.org\/{rel}","templated":true}]}}