{"id":6285,"date":"2018-08-31T23:06:19","date_gmt":"2018-08-31T23:06:19","guid":{"rendered":"http:\/\/ayrintiraydolap.com\/?page_id=6285"},"modified":"2018-08-31T23:09:26","modified_gmt":"2018-08-31T23:09:26","slug":"bayilik-basvuru-formu","status":"publish","type":"page","link":"https:\/\/ayrintiraydolap.com\/en\/bayilik-basvuru-formu\/","title":{"rendered":"(Turkish) BAY\u0130L\u0130K BA\u015eVURU FORMU"},"content":{"rendered":"<p class=\"qtranxs-available-languages-message qtranxs-available-languages-message-en\">Sorry, this entry is only available in <a href=\"https:\/\/ayrintiraydolap.com\/tr\/wp-json\/wp\/v2\/pages\/6285\" class=\"qtranxs-available-language-link qtranxs-available-language-link-tr\" title=\"Turkish\">Turkish<\/a>.<\/p>","protected":false},"excerpt":{"rendered":"<p>Sorry, this entry is only available in Turkish.<\/p>\n","protected":false},"author":1,"featured_media":0,"parent":0,"menu_order":0,"comment_status":"closed","ping_status":"closed","template":"","meta":[],"_links":{"self":[{"href":"https:\/\/ayrintiraydolap.com\/en\/wp-json\/wp\/v2\/pages\/6285"}],"collection":[{"href":"https:\/\/ayrintiraydolap.com\/en\/wp-json\/wp\/v2\/pages"}],"about":[{"href":"https:\/\/ayrintiraydolap.com\/en\/wp-json\/wp\/v2\/types\/page"}],"author":[{"embeddable":true,"href":"https:\/\/ayrintiraydolap.com\/en\/wp-json\/wp\/v2\/users\/1"}],"replies":[{"embeddable":true,"href":"https:\/\/ayrintiraydolap.com\/en\/wp-json\/wp\/v2\/comments?post=6285"}],"version-history":[{"count":4,"href":"https:\/\/ayrintiraydolap.com\/en\/wp-json\/wp\/v2\/pages\/6285\/revisions"}],"predecessor-version":[{"id":6289,"href":"https:\/\/ayrintiraydolap.com\/en\/wp-json\/wp\/v2\/pages\/6285\/revisions\/6289"}],"wp:attachment":[{"href":"https:\/\/ayrintiraydolap.com\/en\/wp-json\/wp\/v2\/media?parent=6285"}],"curies":[{"name":"wp","href":"https:\/\/api.w.org\/{rel}","templated":true}]}}